{"id":102,"date":"2020-11-09T17:38:16","date_gmt":"2020-11-09T17:38:16","guid":{"rendered":"https:\/\/cflconsultors.com\/?page_id=102"},"modified":"2022-06-13T09:44:13","modified_gmt":"2022-06-13T09:44:13","slug":"servicios-contables","status":"publish","type":"page","link":"https:\/\/cflconsultors.com\/index.php\/servicios-contables\/","title":{"rendered":"Servicios contables"},"content":{"rendered":"<p>[et_pb_section fb_built=\u00bb1&#8243; _builder_version=\u00bb4.6.6&#8243; _module_preset=\u00bbdefault\u00bb background_image=\u00bbhttps:\/\/cflconsultors.com\/wp-content\/uploads\/2020\/11\/family-legal-advisor-explaining-document-details-to-mature-father-and-adult-daughter-1.jpg\u00bb custom_padding=\u00bb||499px|||\u00bb][et_pb_row _builder_version=\u00bb4.6.6&#8243; _module_preset=\u00bbdefault\u00bb][et_pb_column type=\u00bb4_4&#8243; _builder_version=\u00bb4.6.6&#8243; _module_preset=\u00bbdefault\u00bb][\/et_pb_column][\/et_pb_row][\/et_pb_section][et_pb_section fb_built=\u00bb1&#8243; _builder_version=\u00bb4.6.6&#8243; _module_preset=\u00bbdefault\u00bb][et_pb_row _builder_version=\u00bb4.6.6&#8243; _module_preset=\u00bbdefault\u00bb][et_pb_column type=\u00bb4_4&#8243; _builder_version=\u00bb4.6.6&#8243; _module_preset=\u00bbdefault\u00bb][et_pb_text _builder_version=\u00bb4.6.6&#8243; _module_preset=\u00bbdefault\u00bb]<\/p>\n<h1>Servicios contables<\/h1>\n<p>[\/et_pb_text][et_pb_divider divider_weight=\u00bb2px\u00bb _builder_version=\u00bb4.6.6&#8243; _module_preset=\u00bbdefault\u00bb width=\u00bb20%\u00bb][\/et_pb_divider][\/et_pb_column][\/et_pb_row][et_pb_row _builder_version=\u00bb4.6.6&#8243; _module_preset=\u00bbdefault\u00bb][et_pb_column type=\u00bb4_4&#8243; _builder_version=\u00bb4.6.6&#8243; _module_preset=\u00bbdefault\u00bb][et_pb_text _builder_version=\u00bb4.6.6&#8243; _module_preset=\u00bbdefault\u00bb]<\/p>\n<h2>Presentaci\u00f3n de impuestos<\/h2>\n<p>Ofrecemos servicios de gestor\u00eda para presentaci\u00f3n de impuestos y asesoramiento fiscal.<\/p>\n<p>[\/et_pb_text][et_pb_text _builder_version=\u00bb4.6.6&#8243; _module_preset=\u00bbdefault\u00bb]<\/p>\n<h2>Soporte cierre anual<strong>\u00a0<\/strong><\/h2>\n<p>\u00bfTienes dudas sobre tu gestor o contable respecto la bondad del cierre contable de final de ejercicio\u00a0 a presentar?\u00a0<\/p>\n<p>Nuestro equipo contable y fiscal puede ayudar a la empresa a realizar un enfoque diferente.<\/p>\n<p>[\/et_pb_text][\/et_pb_column][\/et_pb_row][et_pb_row _builder_version=\u00bb4.6.6&#8243; _module_preset=\u00bbdefault\u00bb][et_pb_column type=\u00bb4_4&#8243; _builder_version=\u00bb4.6.6&#8243; _module_preset=\u00bbdefault\u00bb][et_pb_text _builder_version=\u00bb4.6.6&#8243; _module_preset=\u00bbdefault\u00bb]<\/p>\n<h2>Diagnostico contable<\/h2>\n<p>Somos un despacho que tiene como finalidad el<span>\u00a0<\/span>estudio de la estructura econ\u00f3mico-financiera<span>\u00a0<\/span>de la empresa, analizando pormenorizadamente la<span>\u00a0<\/span>composici\u00f3n<span>\u00a0<\/span>de todas las partidas del balance y cuenta de resultados y, sobretodo, los<span>\u00a0<\/span>criterios<span>\u00a0<\/span>que se han utilizado para la contabilizaci\u00f3n de las operaciones y que, por tanto, han dado origen a dichos estados financieros.<\/p>\n<p>Partiendo de una realidad econ\u00f3mico-financiera determinada de la empresa, la utilizaci\u00f3n de unos u otros criterios contables, todos ellos<span>\u00a0<\/span>dentro del marco normativo vigente,<span>\u00a0<\/span>pueden llevar a la empresa a presentar una mejor o peor imagen, a trav\u00e9s de los<span>\u00a0<\/span>ratios<span>\u00a0<\/span>que se desprenden de sus estados financieros, obteniendo, en consecuencia, una mejor o peor calificaci\u00f3n en los procesos de<span>\u00a0<\/span><em>scoring<\/em><span>\u00a0<\/span>a los que se ven sometidos, principalmente por parte de las entidades financieras.\u00a0<\/p>\n<p>Sometemos los balances de su empresa a un<span>\u00a0<\/span>riguroso<span>\u00a0<\/span><em>test<\/em><span>\u00a0<\/span>que nos permitir\u00e1 verificar hasta qu\u00e9 punto dichos estados financieros obtendr\u00edan una<span>\u00a0<\/span>buena calificaci\u00f3n<span>\u00a0<\/span>de su entidad financiera, compa\u00f1\u00eda de seguros de cr\u00e9ditos comerciales y proveedores, a los efectos de<span>\u00a0<\/span>concesi\u00f3n de cr\u00e9dito.<\/p>\n<p>Nuestro objetivo es<span>\u00a0<\/span>identificar<span>\u00a0<\/span>aquellos criterios contables aplicados que pudieran estar perjudicando la imagen que transmite la empresa a trav\u00e9s de sus estados financieros y que sean susceptibles de ser sustituidos<span>\u00a0<\/span>por otros, siempre dentro del marco normativo contable y fiscal, que permitan mejorar la imagen de solvencia, rentabilidad y generaci\u00f3n de valor que presenta la empresa.\u00a0<\/p>\n<p>En este sentido, en<span> CFL CONSULTORS\u00a0<\/span>nos preocupamos<span>\u00a0<\/span>que su empresa ofrezca la mejor imagen posible, que le permita<span>\u00a0<\/span>mantener y acceder al cr\u00e9dito<span>\u00a0<\/span>necesario por parte de las entidades financieras, compa\u00f1\u00edas de seguro de cr\u00e9ditos comerciales y proveedores.\u00a0<\/p>\n<p>CFL CONSULTORS le expondr\u00e1 pormenorizadamente mediante un informe escrito y de forma personal las conclusiones<span>\u00a0<\/span>del<span>\u00a0<\/span><em>test<\/em><span>\u00a0<\/span>al que sometamos los estados financieros de su empresa, le propondremos medidas para la mejora y cu\u00e1l ser\u00edan los resultados del<span>\u00a0<\/span><em>test<\/em><span>\u00a0<\/span>despu\u00e9s de aplicar dichas medidas.<\/p>\n<p>[\/et_pb_text][\/et_pb_column][\/et_pb_row][\/et_pb_section][et_pb_section fb_built=\u00bb1&#8243; _builder_version=\u00bb4.6.6&#8243; _module_preset=\u00bbdefault\u00bb background_color=\u00bb#1e1919&#8243; saved_tabs=\u00bball\u00bb global_module=\u00bb50&#8243;][et_pb_row column_structure=\u00bb1_3,1_3,1_3&#8243; _builder_version=\u00bb4.6.6&#8243; _module_preset=\u00bbdefault\u00bb][et_pb_column type=\u00bb1_3&#8243; _builder_version=\u00bb4.6.6&#8243; _module_preset=\u00bbdefault\u00bb][et_pb_blurb image=\u00bbhttps:\/\/cflconsultors.com\/wp-content\/uploads\/2020\/11\/LOGO-CFL-definitivo-21.7.15-01.png\u00bb icon_alignment=\u00bbleft\u00bb image_max_width=\u00bb67%\u00bb _builder_version=\u00bb4.9.2&#8243; _module_preset=\u00bbdefault\u00bb header_text_color=\u00bb#ffffff\u00bb body_text_color=\u00bb#ffffff\u00bb module_alignment=\u00bbleft\u00bb]<\/p>\n<p>CFL CONSULTORS es una consultor\u00eda de gesti\u00f3n empresarial especializada en la b\u00fasqueda de financiaci\u00f3n bancaria y no bancaria (Fondos de inversi\u00f3n, Business Angels, inversores privados, instituciones p\u00fablicas) y la realizaci\u00f3n de servicios de direcci\u00f3n financiera externa.\u00a0<\/p>\n<p>[\/et_pb_blurb][\/et_pb_column][et_pb_column type=\u00bb1_3&#8243; _builder_version=\u00bb4.6.6&#8243; _module_preset=\u00bbdefault\u00bb][et_pb_text _builder_version=\u00bb4.6.6&#8243; _module_preset=\u00bbdefault\u00bb header_3_text_color=\u00bb#ffffff\u00bb]<\/p>\n<h3>Donde estamos<\/h3>\n<p>[\/et_pb_text][et_pb_text _builder_version=\u00bb4.6.6&#8243; _module_preset=\u00bbdefault\u00bb text_text_color=\u00bb#ffffff\u00bb]<\/p>\n<p><span><strong>C\/ TIRSO DE MOLINA 36<\/strong><\/span><\/p>\n<p><span><strong>CENTRE D\u2019EMPRESES DE BAIX LLOBREGAT<\/strong><\/span><\/p>\n<p><span><strong>08940 CORNELL\u00c0 DE LLOBREGAT<\/strong><\/span><\/p>\n<p><span><strong>TEL. 934740939 \/ FAX. 934742466<\/strong><\/span><\/p>\n<p><span><strong>INFO@cflconsultors.democlientes.es<\/strong><\/span><\/p>\n<p><span><strong>WWW.cflconsultors.democlientes.es<\/strong><\/span><\/p>\n<p>[\/et_pb_text][\/et_pb_column][et_pb_column type=\u00bb1_3&#8243; _builder_version=\u00bb4.6.6&#8243; _module_preset=\u00bbdefault\u00bb][et_pb_text disabled_on=\u00bbon|on|on\u00bb _builder_version=\u00bb4.6.6&#8243; _module_preset=\u00bbdefault\u00bb header_2_text_color=\u00bb#ffffff\u00bb header_3_text_color=\u00bb#ffffff\u00bb disabled=\u00bbon\u00bb]<\/p>\n<h3>Art\u00edculos<\/h3>\n<p>[\/et_pb_text][et_pb_text disabled_on=\u00bbon|on|on\u00bb _builder_version=\u00bb4.6.6&#8243; _module_preset=\u00bbdefault\u00bb disabled=\u00bbon\u00bb]<\/p>\n<p>Your content goes here. Edit or remove this text inline or in the module Content settings. You can also style every aspect of this content in the module Design settings and even apply custom CSS to this text in the module Advanced settings.<\/p>\n<p>&nbsp;<\/p>\n<p>Your content goes here. Edit or remove this text inline or in the module Content settings.<\/p>\n<p>[\/et_pb_text][\/et_pb_column][\/et_pb_row][\/et_pb_section]<\/p>\n","protected":false},"excerpt":{"rendered":"<p>Servicios contablesPresentaci\u00f3n de impuestos Ofrecemos servicios de gestor\u00eda para presentaci\u00f3n de impuestos y asesoramiento fiscal.Soporte cierre anual\u00a0 \u00bfTienes dudas sobre tu gestor o contable respecto la bondad del cierre contable de final de ejercicio\u00a0 a presentar?\u00a0 Nuestro equipo contable y fiscal puede ayudar a la empresa a realizar un enfoque diferente.Diagnostico contable Somos un despacho [&hellip;]<\/p>\n","protected":false},"author":1,"featured_media":0,"parent":0,"menu_order":0,"comment_status":"closed","ping_status":"closed","template":"","meta":{"_et_pb_use_builder":"on","_et_pb_old_content":"","_et_gb_content_width":""},"_links":{"self":[{"href":"https:\/\/cflconsultors.com\/index.php\/wp-json\/wp\/v2\/pages\/102"}],"collection":[{"href":"https:\/\/cflconsultors.com\/index.php\/wp-json\/wp\/v2\/pages"}],"about":[{"href":"https:\/\/cflconsultors.com\/index.php\/wp-json\/wp\/v2\/types\/page"}],"author":[{"embeddable":true,"href":"https:\/\/cflconsultors.com\/index.php\/wp-json\/wp\/v2\/users\/1"}],"replies":[{"embeddable":true,"href":"https:\/\/cflconsultors.com\/index.php\/wp-json\/wp\/v2\/comments?post=102"}],"version-history":[{"count":3,"href":"https:\/\/cflconsultors.com\/index.php\/wp-json\/wp\/v2\/pages\/102\/revisions"}],"predecessor-version":[{"id":161,"href":"https:\/\/cflconsultors.com\/index.php\/wp-json\/wp\/v2\/pages\/102\/revisions\/161"}],"wp:attachment":[{"href":"https:\/\/cflconsultors.com\/index.php\/wp-json\/wp\/v2\/media?parent=102"}],"curies":[{"name":"wp","href":"https:\/\/api.w.org\/{rel}","templated":true}]}}