{"id":107,"date":"2020-11-09T17:42:30","date_gmt":"2020-11-09T17:42:30","guid":{"rendered":"https:\/\/cflconsultors.com\/?page_id=107"},"modified":"2022-06-13T09:43:34","modified_gmt":"2022-06-13T09:43:34","slug":"corporate-finance","status":"publish","type":"page","link":"https:\/\/cflconsultors.com\/index.php\/corporate-finance\/","title":{"rendered":"Corporate finance"},"content":{"rendered":"<p>[et_pb_section fb_built=\u00bb1&#8243; _builder_version=\u00bb4.6.6&#8243; _module_preset=\u00bbdefault\u00bb background_image=\u00bbhttps:\/\/cflconsultors.com\/wp-content\/uploads\/2020\/11\/business-man-financial-inspector-and-secretary-making-report-calculating-or-checking-balance-internal-revenue-service-inspector-checking-document-audit-concept-1-1.jpg\u00bb custom_padding=\u00bb347px|||||\u00bb][et_pb_row _builder_version=\u00bb4.6.6&#8243; _module_preset=\u00bbdefault\u00bb][et_pb_column type=\u00bb4_4&#8243; _builder_version=\u00bb4.6.6&#8243; _module_preset=\u00bbdefault\u00bb][\/et_pb_column][\/et_pb_row][\/et_pb_section][et_pb_section fb_built=\u00bb1&#8243; _builder_version=\u00bb4.6.6&#8243; _module_preset=\u00bbdefault\u00bb][et_pb_row _builder_version=\u00bb4.6.6&#8243; _module_preset=\u00bbdefault\u00bb][et_pb_column type=\u00bb4_4&#8243; _builder_version=\u00bb4.6.6&#8243; _module_preset=\u00bbdefault\u00bb][et_pb_text _builder_version=\u00bb4.6.6&#8243; _module_preset=\u00bbdefault\u00bb]<\/p>\n<h1>Corporate finance<\/h1>\n<p>[\/et_pb_text][et_pb_divider divider_weight=\u00bb2px\u00bb _builder_version=\u00bb4.6.6&#8243; _module_preset=\u00bbdefault\u00bb width=\u00bb20%\u00bb][\/et_pb_divider][\/et_pb_column][\/et_pb_row][et_pb_row _builder_version=\u00bb4.6.6&#8243; _module_preset=\u00bbdefault\u00bb custom_padding=\u00bb10px|||||\u00bb][et_pb_column type=\u00bb4_4&#8243; _builder_version=\u00bb4.6.6&#8243; _module_preset=\u00bbdefault\u00bb][et_pb_text _builder_version=\u00bb4.6.6&#8243; _module_preset=\u00bbdefault\u00bb]<\/p>\n<h2>Valoraci\u00f3n de empresas<\/h2>\n<p>[\/et_pb_text][et_pb_text _builder_version=\u00bb4.6.6&#8243; _module_preset=\u00bbdefault\u00bb]<\/p>\n<h4><strong>\u00bfCu\u00e1nto vale mi empresa?<\/strong><\/h4>\n<p>Esta es una pregunta habitual cuando se espera un cambio importante en la trayectoria profesional o de la empresa ya sea porque los resultados est\u00e1n mejorando, porque est\u00e1n empeorando o porque aparece una oferta de compra de nuestra empresa de allegados o de la competencia. Hay diferentes m\u00e9todos de valoraci\u00f3n de empresas, todos ellos aceptables y con alg\u00fan sesgo seg\u00fan la evoluci\u00f3n de los resultados pasados y futuros y del mercado. Lo que es importante tener en cuenta es que la valoraci\u00f3n de la empresa no da una cifra exacta sino un rango de valores razonables aplicable a las circunstancias del momento.<\/p>\n<p>Tambi\u00e9n se ha de tener en cuenta que el verdadero valor ser\u00e1 el que el comprador finalmente pague por ella y en este valor influyen tanto las condiciones del vendedor como las del comprador y la situaci\u00f3n del mercado pro lo que el valor final lo dar\u00e1 el valor inherente a la empresa mas lo bien que se pueda seleccionar la cartera de los compradores potenciales y las negociaciones que se lleven a cabo.<\/p>\n<p>[\/et_pb_text][\/et_pb_column][\/et_pb_row][et_pb_row _builder_version=\u00bb4.6.6&#8243; _module_preset=\u00bbdefault\u00bb][et_pb_column type=\u00bb4_4&#8243; _builder_version=\u00bb4.6.6&#8243; _module_preset=\u00bbdefault\u00bb][et_pb_text _builder_version=\u00bb4.6.6&#8243; _module_preset=\u00bbdefault\u00bb]<\/p>\n<h2>Servicios de compra venta de sociedades<\/h2>\n<p>[\/et_pb_text][et_pb_text _builder_version=\u00bb4.6.6&#8243; _module_preset=\u00bbdefault\u00bb]<\/p>\n<h4><strong>Cu\u00e1ndo es el mejor momento para vender<\/strong><\/h4>\n<p>La mejor manera de responder a esta pregunta es plante\u00e1ndose dicha pregunta y tambi\u00e9n su opuesta \u00bfCu\u00e1ndo no es el mejor momento para vender?\u00a0Si bien lo m\u00e1s corriente es plantearse la venta cuando las cosas van mal, los resultados no son buenos o hay p\u00e9rdidas, nos deber\u00edamos poner en el lado del posible comprador y preguntarnos: \u00bfPara qu\u00e9 quiero yo una empresa en p\u00e9rdidas?, \u00a0Ya que la empresa que quieren vender esta en p\u00e9rdidas, \u00bffuerzo la negociaci\u00f3n para ver hasta donde est\u00e1n dispuestos a bajar el precio?, \u00bfLes tengo que dar dinero por una empresa en p\u00e9rdidas?, \u00bfNo les podr\u00eda incluso pedir dinero para comprar su empresa?.\u00a0Con estas preguntas lo que pretendemos mostrar es que cuando las cosas van mal, no es el mejor momento de la venta, en estas situaciones nuestra clara recomendaci\u00f3n es realizar un plan de mejoras de la compa\u00f1\u00eda y as\u00ed hacerla m\u00e1s atractiva para los compradores, el beneficio de estas acciones suele multiplicar varias veces su esfuerzo.\u00a0El momento de vender una empresa muchas veces no depende tanto de la situaci\u00f3n de la empresa sino de la estrategia que se est\u00e9 realizando y de la alternativa de oportunidad. Como ejemplo ponemos el caso de una empresa que genera unos beneficios sobre inversi\u00f3n del 15% teniendo la alternativa de invertir en otro sector cuyo rendimiento de inversi\u00f3n sea un 31% pero no se disponga de dinero suficiente para realizar la inversi\u00f3n por tanto, se tome la decisi\u00f3n de venta de la empresa para financiar la nueva inversi\u00f3n.<\/p>\n<p>[\/et_pb_text][et_pb_text _builder_version=\u00bb4.6.6&#8243; _module_preset=\u00bbdefault\u00bb]<\/p>\n<h4><strong>C\u00f3mo realizar una buena compra<\/strong><\/h4>\n<p>Una buena compra es el resultado de una buena preparaci\u00f3n y de una buena negociaci\u00f3n.\u00a0Preparaci\u00f3n: Para una buena preparaci\u00f3n es conveniente analizar el momento id\u00f3neo, tener planteada la operaci\u00f3n, asegurar la disponibilidad financiera y sin prisas, realizar prospecciones de mercado en busca de buenas oportunidades. En esta situaci\u00f3n, tanto para el planteo general de la operaci\u00f3n como para la prospecci\u00f3n del mercado es conveniente ya desde el principio, la ayuda de profesionales como los de CFL CONSULTORS,S.L. que conjuntamente planteen toda la operaci\u00f3n, el perfil de empresa m\u00e1s conveniente y realicen la prospecci\u00f3n de mercado de una forma met\u00f3dica y profesional. Negociaci\u00f3n: Es importante tener en cuenta que una buena negociaci\u00f3n no implica que lo que gana uno lo pierde el otro sino todo lo contrario, tanto comprador como vendedor tienes sus prioridades y sus intereses sin tener que ser ni los mismos ni opuestos ni con la misma importancia. Si pues, dentro de los casos m\u00e1s comunes est\u00e1 el hecho de que el inter\u00e9s principal del comprador es asegurar que el negocio que compra es tal y el inter\u00e9s principal para el vendedor es asegura que cobrar\u00e1 lo acordado. Para la negociaci\u00f3n nuevamente sigue siendo muy importante disponer de la colaboraci\u00f3n de profesionales como los de CFL CONSULTORS que est\u00e9n acostumbrados a aproximar posiciones de ambas partes y que en el momento del redactado del contrato aconsejen sobre los puntos importantes que han de quedar reflejados tanto para la propia compra como para la soluci\u00f3n de posibles contingencias futuras.<\/p>\n<p>[\/et_pb_text][\/et_pb_column][\/et_pb_row][\/et_pb_section][et_pb_section fb_built=\u00bb1&#8243; _builder_version=\u00bb4.6.6&#8243; _module_preset=\u00bbdefault\u00bb background_color=\u00bb#1e1919&#8243; saved_tabs=\u00bball\u00bb global_module=\u00bb50&#8243;][et_pb_row column_structure=\u00bb1_3,1_3,1_3&#8243; _builder_version=\u00bb4.6.6&#8243; _module_preset=\u00bbdefault\u00bb][et_pb_column type=\u00bb1_3&#8243; _builder_version=\u00bb4.6.6&#8243; _module_preset=\u00bbdefault\u00bb][et_pb_blurb image=\u00bbhttps:\/\/cflconsultors.com\/wp-content\/uploads\/2020\/11\/LOGO-CFL-definitivo-21.7.15-01.png\u00bb icon_alignment=\u00bbleft\u00bb image_max_width=\u00bb67%\u00bb _builder_version=\u00bb4.9.2&#8243; _module_preset=\u00bbdefault\u00bb header_text_color=\u00bb#ffffff\u00bb body_text_color=\u00bb#ffffff\u00bb module_alignment=\u00bbleft\u00bb]<\/p>\n<p>CFL CONSULTORS es una consultor\u00eda de gesti\u00f3n empresarial especializada en la b\u00fasqueda de financiaci\u00f3n bancaria y no bancaria (Fondos de inversi\u00f3n, Business Angels, inversores privados, instituciones p\u00fablicas) y la realizaci\u00f3n de servicios de direcci\u00f3n financiera externa.\u00a0<\/p>\n<p>[\/et_pb_blurb][\/et_pb_column][et_pb_column type=\u00bb1_3&#8243; _builder_version=\u00bb4.6.6&#8243; _module_preset=\u00bbdefault\u00bb][et_pb_text _builder_version=\u00bb4.6.6&#8243; _module_preset=\u00bbdefault\u00bb header_3_text_color=\u00bb#ffffff\u00bb]<\/p>\n<h3>Donde estamos<\/h3>\n<p>[\/et_pb_text][et_pb_text _builder_version=\u00bb4.6.6&#8243; _module_preset=\u00bbdefault\u00bb text_text_color=\u00bb#ffffff\u00bb]<\/p>\n<p><span><strong>C\/ TIRSO DE MOLINA 36<\/strong><\/span><\/p>\n<p><span><strong>CENTRE D\u2019EMPRESES DE BAIX LLOBREGAT<\/strong><\/span><\/p>\n<p><span><strong>08940 CORNELL\u00c0 DE LLOBREGAT<\/strong><\/span><\/p>\n<p><span><strong>TEL. 934740939 \/ FAX. 934742466<\/strong><\/span><\/p>\n<p><span><strong>INFO@cflconsultors.democlientes.es<\/strong><\/span><\/p>\n<p><span><strong>WWW.cflconsultors.democlientes.es<\/strong><\/span><\/p>\n<p>[\/et_pb_text][\/et_pb_column][et_pb_column type=\u00bb1_3&#8243; _builder_version=\u00bb4.6.6&#8243; _module_preset=\u00bbdefault\u00bb][et_pb_text disabled_on=\u00bbon|on|on\u00bb _builder_version=\u00bb4.6.6&#8243; _module_preset=\u00bbdefault\u00bb header_2_text_color=\u00bb#ffffff\u00bb header_3_text_color=\u00bb#ffffff\u00bb disabled=\u00bbon\u00bb]<\/p>\n<h3>Art\u00edculos<\/h3>\n<p>[\/et_pb_text][et_pb_text disabled_on=\u00bbon|on|on\u00bb _builder_version=\u00bb4.6.6&#8243; _module_preset=\u00bbdefault\u00bb disabled=\u00bbon\u00bb]<\/p>\n<p>Your content goes here. Edit or remove this text inline or in the module Content settings. You can also style every aspect of this content in the module Design settings and even apply custom CSS to this text in the module Advanced settings.<\/p>\n<p>&nbsp;<\/p>\n<p>Your content goes here. Edit or remove this text inline or in the module Content settings.<\/p>\n<p>[\/et_pb_text][\/et_pb_column][\/et_pb_row][\/et_pb_section]<\/p>\n","protected":false},"excerpt":{"rendered":"<p>Corporate financeValoraci\u00f3n de empresas\u00bfCu\u00e1nto vale mi empresa? Esta es una pregunta habitual cuando se espera un cambio importante en la trayectoria profesional o de la empresa ya sea porque los resultados est\u00e1n mejorando, porque est\u00e1n empeorando o porque aparece una oferta de compra de nuestra empresa de allegados o de la competencia. Hay diferentes m\u00e9todos [&hellip;]<\/p>\n","protected":false},"author":1,"featured_media":0,"parent":0,"menu_order":0,"comment_status":"closed","ping_status":"closed","template":"","meta":{"_et_pb_use_builder":"on","_et_pb_old_content":"","_et_gb_content_width":""},"_links":{"self":[{"href":"https:\/\/cflconsultors.com\/index.php\/wp-json\/wp\/v2\/pages\/107"}],"collection":[{"href":"https:\/\/cflconsultors.com\/index.php\/wp-json\/wp\/v2\/pages"}],"about":[{"href":"https:\/\/cflconsultors.com\/index.php\/wp-json\/wp\/v2\/types\/page"}],"author":[{"embeddable":true,"href":"https:\/\/cflconsultors.com\/index.php\/wp-json\/wp\/v2\/users\/1"}],"replies":[{"embeddable":true,"href":"https:\/\/cflconsultors.com\/index.php\/wp-json\/wp\/v2\/comments?post=107"}],"version-history":[{"count":4,"href":"https:\/\/cflconsultors.com\/index.php\/wp-json\/wp\/v2\/pages\/107\/revisions"}],"predecessor-version":[{"id":162,"href":"https:\/\/cflconsultors.com\/index.php\/wp-json\/wp\/v2\/pages\/107\/revisions\/162"}],"wp:attachment":[{"href":"https:\/\/cflconsultors.com\/index.php\/wp-json\/wp\/v2\/media?parent=107"}],"curies":[{"name":"wp","href":"https:\/\/api.w.org\/{rel}","templated":true}]}}