{"id":74,"date":"2020-11-05T17:25:30","date_gmt":"2020-11-05T17:25:30","guid":{"rendered":"https:\/\/cflconsultors.com\/?page_id=74"},"modified":"2022-06-13T09:44:02","modified_gmt":"2022-06-13T09:44:02","slug":"quien-es-cfl-consultors","status":"publish","type":"page","link":"https:\/\/cflconsultors.com\/index.php\/quien-es-cfl-consultors\/","title":{"rendered":"Qui\u00e9n es CFL Consultors"},"content":{"rendered":"<p>[et_pb_section fb_built=\u00bb1&#8243; _builder_version=\u00bb4.6.6&#8243; _module_preset=\u00bbdefault\u00bb background_image=\u00bbhttps:\/\/cflconsultors.com\/wp-content\/uploads\/2020\/11\/business-man-financial-inspector-and-secretary-making-report-calculating-or-checking-balance-internal-revenue-service-inspector-checking-document-audit-concept-1-scaled.jpg\u00bb box_shadow_style=\u00bbpreset3&#8243;][et_pb_row _builder_version=\u00bb4.6.6&#8243; _module_preset=\u00bbdefault\u00bb][et_pb_column type=\u00bb4_4&#8243; _builder_version=\u00bb4.6.6&#8243; _module_preset=\u00bbdefault\u00bb][\/et_pb_column][\/et_pb_row][\/et_pb_section][et_pb_section fb_built=\u00bb1&#8243; _builder_version=\u00bb4.6.6&#8243; _module_preset=\u00bbdefault\u00bb][et_pb_row _builder_version=\u00bb4.6.6&#8243; _module_preset=\u00bbdefault\u00bb][et_pb_column type=\u00bb4_4&#8243; _builder_version=\u00bb4.6.6&#8243; _module_preset=\u00bbdefault\u00bb][et_pb_text _builder_version=\u00bb4.6.6&#8243; _module_preset=\u00bbdefault\u00bb]<\/p>\n<h1 class=\"page-title\"><span>Diagn\u00f3stico Contable<\/span><\/h1>\n<p>[\/et_pb_text][\/et_pb_column][\/et_pb_row][et_pb_row column_structure=\u00bb1_2,1_2&#8243; _builder_version=\u00bb4.6.6&#8243; _module_preset=\u00bbdefault\u00bb][et_pb_column type=\u00bb1_2&#8243; _builder_version=\u00bb4.6.6&#8243; _module_preset=\u00bbdefault\u00bb][et_pb_text _builder_version=\u00bb4.6.6&#8243; _module_preset=\u00bbdefault\u00bb hover_enabled=\u00bb0&#8243; sticky_enabled=\u00bb0&#8243;]<\/p>\n<p>CFL CONSULTORS,S.L. es una consultor\u00eda de gesti\u00f3n financiera empresarial que surge de la uni\u00f3n de varios profesionales que hacen una puesta en com\u00fan de sus conocimientos y experiencia, para dar el mejor servicio y asesoramiento posible a cualquier tipo de negocio.<\/p>\n<p>Podemos ayudar a emprendedores, aut\u00f3nomos, negocios familiares, comercios y pymes, a mejorar el rendimiento de su negocio, a resolver sus problemas financieros, a mejorar su imagen.<\/p>\n<p>Contamos con numerosos clientes que conf\u00edan en nosotros y que avalan la calidad de nuestro servicio y la seriedad y el rigor con el que aplicamos nuestras labores de gesti\u00f3n empresarial.<br \/>Los profesionales que forman parte del equipo de CFL CONSULTORS son profesionales con amplia experiencia en todos los \u00e1mbitos del sector financiero tanto des de la empresa como desde las entidades financieras<\/p>\n<p>[\/et_pb_text][\/et_pb_column][et_pb_column type=\u00bb1_2&#8243; _builder_version=\u00bb4.6.6&#8243; _module_preset=\u00bbdefault\u00bb][et_pb_image src=\u00bbhttps:\/\/cflconsultors.com\/wp-content\/uploads\/2020\/11\/actualizacion_contable.jpg\u00bb title_text=\u00bbactualizacion_contable\u00bb _builder_version=\u00bb4.6.6&#8243; _module_preset=\u00bbdefault\u00bb][\/et_pb_image][\/et_pb_column][\/et_pb_row][et_pb_row _builder_version=\u00bb4.6.6&#8243; _module_preset=\u00bbdefault\u00bb custom_padding=\u00bb4px|||||\u00bb][et_pb_column type=\u00bb4_4&#8243; _builder_version=\u00bb4.6.6&#8243; _module_preset=\u00bbdefault\u00bb][et_pb_text _builder_version=\u00bb4.6.6&#8243; _module_preset=\u00bbdefault\u00bb hover_enabled=\u00bb0&#8243; sticky_enabled=\u00bb0&#8243;]<\/p>\n<p>En CFL CONSULTORS somos conscientes de que cada proyecto, cada decisi\u00f3n financiera, requiere un proceso de planificaci\u00f3n que no puede ser id\u00e9ntico para cada tipo de negocio. Somos uno m\u00e1s dentro del equipo de la Compa\u00f1\u00eda, apoyando cada paso e implic\u00e1ndonos en cada decisi\u00f3n, en cada operaci\u00f3n, en cada nuevo reto.<\/p>\n<p>Jordi Kopp como socio director aporta su experiencia en banca de empresas y en departamentos Financiero en diversas funciones en los \u00faltimos 12 a\u00f1os .<br \/>Con la necesidad de estar siempre actualizado recientemente finaliz\u00f3 un M\u00e1ster en Direcci\u00f3n y Gesti\u00f3n Financiera en la EAE Business School, d\u00f3nde ha adquirido las \u00faltimas t\u00e9cnicas y tendencias en la direcci\u00f3n financiera que aporta un plus t\u00e9cnico y de calidad a nuestro servicio de consultoria.<\/p>\n<p>\u201cTodas las empresas deber\u00edan tener un director financiero profesional. Hay que asegurar una buena planificaci\u00f3n financiera y simplificar las relaciones con las entidades financieras . Este es el cometido de CFL CONSULTORS y lo cumplimos con ilusi\u00f3n, Trabajo, t\u00e9cnica y profesionalidad.\u201d<\/p>\n<p>Si quieres conocer a nuestro equipo visita sus perfiles<span>\u00a0<\/span><a title=\"Team\" href=\"https:\/\/www.cflconsultors.democlientes.es\/nuestras-cualidades-2\/asset-gaesco-accid\/servicios\/team\/\" target=\"_blank\" rel=\"noopener noreferrer\"><strong>AQUI<\/strong><\/a><\/p>\n<p>[\/et_pb_text][\/et_pb_column][\/et_pb_row][\/et_pb_section][et_pb_section fb_built=\u00bb1&#8243; _builder_version=\u00bb4.6.6&#8243; _module_preset=\u00bbdefault\u00bb background_color=\u00bb#1e1919&#8243; global_module=\u00bb50&#8243; saved_tabs=\u00bball\u00bb][et_pb_row column_structure=\u00bb1_3,1_3,1_3&#8243; _builder_version=\u00bb4.6.6&#8243; _module_preset=\u00bbdefault\u00bb][et_pb_column type=\u00bb1_3&#8243; _builder_version=\u00bb4.6.6&#8243; _module_preset=\u00bbdefault\u00bb][et_pb_blurb image=\u00bbhttps:\/\/cflconsultors.com\/wp-content\/uploads\/2020\/11\/LOGO-CFL-definitivo-21.7.15-01.png\u00bb icon_alignment=\u00bbleft\u00bb image_max_width=\u00bb67%\u00bb _builder_version=\u00bb4.6.6&#8243; _module_preset=\u00bbdefault\u00bb header_text_color=\u00bb#ffffff\u00bb body_text_color=\u00bb#ffffff\u00bb module_alignment=\u00bbleft\u00bb]<\/p>\n<p>Your content goes here. Edit or remove this text inline or in the module Content settings. You can also style every aspect of this content in the module Design settings and even apply custom CSS to this text in the module Advanced settings.<\/p>\n<p>[\/et_pb_blurb][\/et_pb_column][et_pb_column type=\u00bb1_3&#8243; _builder_version=\u00bb4.6.6&#8243; _module_preset=\u00bbdefault\u00bb][et_pb_text _builder_version=\u00bb4.6.6&#8243; _module_preset=\u00bbdefault\u00bb header_3_text_color=\u00bb#ffffff\u00bb]<\/p>\n<h3>Donde estamos<\/h3>\n<p>[\/et_pb_text][et_pb_text _builder_version=\u00bb4.6.6&#8243; _module_preset=\u00bbdefault\u00bb text_text_color=\u00bb#ffffff\u00bb]<\/p>\n<p><span><strong>C\/ TIRSO DE MOLINA 36<\/strong><\/span><\/p>\n<p><span><strong>CENTRE D\u2019EMPRESES DE BAIX LLOBREGAT<\/strong><\/span><\/p>\n<p><span><strong>08940 CORNELL\u00c0 DE LLOBREGAT<\/strong><\/span><\/p>\n<p><span><strong>TEL. 934740939 \/ FAX. 934742466<\/strong><\/span><\/p>\n<p><span><strong>INFO@cflconsultors.democlientes.es<\/strong><\/span><\/p>\n<p><span><strong>WWW.cflconsultors.democlientes.es<\/strong><\/span><\/p>\n<p>[\/et_pb_text][\/et_pb_column][et_pb_column type=\u00bb1_3&#8243; _builder_version=\u00bb4.6.6&#8243; _module_preset=\u00bbdefault\u00bb][et_pb_text _builder_version=\u00bb4.6.6&#8243; _module_preset=\u00bbdefault\u00bb header_2_text_color=\u00bb#ffffff\u00bb header_3_text_color=\u00bb#ffffff\u00bb]<\/p>\n<h3>Art\u00edculos<\/h3>\n<p>[\/et_pb_text][et_pb_text _builder_version=\u00bb4.6.6&#8243; _module_preset=\u00bbdefault\u00bb]<\/p>\n<p>Your content goes here. Edit or remove this text inline or in the module Content settings. You can also style every aspect of this content in the module Design settings and even apply custom CSS to this text in the module Advanced settings.<\/p>\n<p>&nbsp;<\/p>\n<p>Your content goes here. Edit or remove this text inline or in the module Content settings.<\/p>\n<p>[\/et_pb_text][\/et_pb_column][\/et_pb_row][\/et_pb_section]<\/p>\n","protected":false},"excerpt":{"rendered":"<p>Diagn\u00f3stico ContableCFL CONSULTORS,S.L. es una consultor\u00eda de gesti\u00f3n financiera empresarial que surge de la uni\u00f3n de varios profesionales que hacen una puesta en com\u00fan de sus conocimientos y experiencia, para dar el mejor servicio y asesoramiento posible a cualquier tipo de negocio. Podemos ayudar a emprendedores, aut\u00f3nomos, negocios familiares, comercios y pymes, a mejorar el [&hellip;]<\/p>\n","protected":false},"author":1,"featured_media":0,"parent":0,"menu_order":0,"comment_status":"closed","ping_status":"closed","template":"","meta":{"_et_pb_use_builder":"on","_et_pb_old_content":"","_et_gb_content_width":""},"_links":{"self":[{"href":"https:\/\/cflconsultors.com\/index.php\/wp-json\/wp\/v2\/pages\/74"}],"collection":[{"href":"https:\/\/cflconsultors.com\/index.php\/wp-json\/wp\/v2\/pages"}],"about":[{"href":"https:\/\/cflconsultors.com\/index.php\/wp-json\/wp\/v2\/types\/page"}],"author":[{"embeddable":true,"href":"https:\/\/cflconsultors.com\/index.php\/wp-json\/wp\/v2\/users\/1"}],"replies":[{"embeddable":true,"href":"https:\/\/cflconsultors.com\/index.php\/wp-json\/wp\/v2\/comments?post=74"}],"version-history":[{"count":2,"href":"https:\/\/cflconsultors.com\/index.php\/wp-json\/wp\/v2\/pages\/74\/revisions"}],"predecessor-version":[{"id":77,"href":"https:\/\/cflconsultors.com\/index.php\/wp-json\/wp\/v2\/pages\/74\/revisions\/77"}],"wp:attachment":[{"href":"https:\/\/cflconsultors.com\/index.php\/wp-json\/wp\/v2\/media?parent=74"}],"curies":[{"name":"wp","href":"https:\/\/api.w.org\/{rel}","templated":true}]}}