{"id":88,"date":"2020-11-09T15:54:29","date_gmt":"2020-11-09T15:54:29","guid":{"rendered":"https:\/\/cflconsultors.com\/?page_id=88"},"modified":"2022-06-13T09:44:07","modified_gmt":"2022-06-13T09:44:07","slug":"quienes-somos","status":"publish","type":"page","link":"https:\/\/cflconsultors.com\/index.php\/quienes-somos\/","title":{"rendered":"Quienes somos"},"content":{"rendered":"<p>[et_pb_section fb_built=\u00bb1&#8243; _builder_version=\u00bb4.6.6&#8243; _module_preset=\u00bbdefault\u00bb background_image=\u00bbhttps:\/\/cflconsultors.com\/wp-content\/uploads\/2020\/11\/close-up-businessman-using-calculator-and-laptop-for-calculating-finance-tax-accounting-statistics-and-analytic-research-concept-1.jpg\u00bb custom_padding=\u00bb428px||0px|||\u00bb][et_pb_row _builder_version=\u00bb4.6.6&#8243; _module_preset=\u00bbdefault\u00bb][et_pb_column type=\u00bb4_4&#8243; _builder_version=\u00bb4.6.6&#8243; _module_preset=\u00bbdefault\u00bb][\/et_pb_column][\/et_pb_row][\/et_pb_section][et_pb_section fb_built=\u00bb1&#8243; _builder_version=\u00bb4.6.6&#8243; _module_preset=\u00bbdefault\u00bb][et_pb_row _builder_version=\u00bb4.6.6&#8243; _module_preset=\u00bbdefault\u00bb][et_pb_column type=\u00bb4_4&#8243; _builder_version=\u00bb4.6.6&#8243; _module_preset=\u00bbdefault\u00bb][et_pb_text _builder_version=\u00bb4.6.6&#8243; _module_preset=\u00bbdefault\u00bb header_font_size=\u00bb39px\u00bb]<\/p>\n<h1>Quienes somos\u00a0<\/h1>\n<p>[\/et_pb_text][et_pb_divider divider_weight=\u00bb2px\u00bb _builder_version=\u00bb4.6.6&#8243; _module_preset=\u00bbdefault\u00bb width=\u00bb30%\u00bb][\/et_pb_divider][\/et_pb_column][\/et_pb_row][et_pb_row _builder_version=\u00bb4.6.6&#8243; _module_preset=\u00bbdefault\u00bb][et_pb_column type=\u00bb4_4&#8243; _builder_version=\u00bb4.6.6&#8243; _module_preset=\u00bbdefault\u00bb][et_pb_text _builder_version=\u00bb4.6.6&#8243; _module_preset=\u00bbdefault\u00bb]<\/p>\n<p>CFL CONSULTORS,S.L. es una consultor\u00eda de gesti\u00f3n financiera empresarial \u00a0que surge de la uni\u00f3n de varios profesionales que hacen una puesta en com\u00fan de sus conocimientos y experiencia, para dar el mejor servicio y asesoramiento posible a cualquier tipo de negocio.<\/p>\n<p>&nbsp;<\/p>\n<p>Podemos ayudar a emprendedores, aut\u00f3nomos, negocios familiares, comercios y pymes, a mejorar el rendimiento de su negocio, a resolver sus problemas financieros, a mejorar su imagen.<\/p>\n<p>&nbsp;<\/p>\n<p>Contamos con numerosos clientes que conf\u00edan en nosotros y que avalan la calidad de nuestro servicio y la seriedad y el rigor con el que aplicamos nuestras labores de gesti\u00f3n empresarial.<\/p>\n<p>Los profesionales que forman parte del equipo de CFL CONSULTORS son profesionales con amplia experiencia en todos los \u00e1mbitos del sector financiero tanto des de la empresa como desde las entidades financieras<\/p>\n<p>&nbsp;<\/p>\n<p>En CFL CONSULTORS somos conscientes de que cada proyecto, cada decisi\u00f3n financiera, requiere un proceso de planificaci\u00f3n que no puede ser id\u00e9ntico para cada tipo de negocio. Somos uno m\u00e1s dentro del equipo de la Compa\u00f1\u00eda, apoyando cada paso e implic\u00e1ndonos en cada decisi\u00f3n, en cada operaci\u00f3n, en cada nuevo reto<\/p>\n<p>&nbsp;<\/p>\n<p>Jordi Kopp como \u00a0socio director aporta su experiencia en banca de empresas y en departamentos Financiero en diversas funciones en los \u00faltimos 12 a\u00f1os .<\/p>\n<p>Con la necesidad de estar siempre actualizado recientemente finaliz\u00f3 un M\u00e1ster en Direcci\u00f3n y Gesti\u00f3n Financiera en la EAE Business School, d\u00f3nde ha adquirido las \u00faltimas t\u00e9cnicas y tendencias en la direcci\u00f3n financiera que aporta un plus t\u00e9cnico y de calidad a nuestro servicio de consultoria.<\/p>\n<p>&nbsp;<\/p>\n<p><em>\u201cTodas las empresas deber\u00edan tener un director financiero profesional. Hay que asegurar una buena planificaci\u00f3n financiera y simplificar las relaciones con las entidades financieras . Este es el cometido de CFL CONSULTORS y lo cumplimos con ilusi\u00f3n, Trabajo, t\u00e9cnica y profesionalidad.\u201d<\/em><\/p>\n<p>[\/et_pb_text][\/et_pb_column][\/et_pb_row][\/et_pb_section][et_pb_section fb_built=\u00bb1&#8243; _builder_version=\u00bb4.6.6&#8243; _module_preset=\u00bbdefault\u00bb background_color=\u00bb#1e1919&#8243; saved_tabs=\u00bball\u00bb global_module=\u00bb50&#8243;][et_pb_row column_structure=\u00bb1_3,1_3,1_3&#8243; _builder_version=\u00bb4.6.6&#8243; _module_preset=\u00bbdefault\u00bb][et_pb_column type=\u00bb1_3&#8243; _builder_version=\u00bb4.6.6&#8243; _module_preset=\u00bbdefault\u00bb][et_pb_blurb image=\u00bbhttps:\/\/cflconsultors.com\/wp-content\/uploads\/2020\/11\/LOGO-CFL-definitivo-21.7.15-01.png\u00bb icon_alignment=\u00bbleft\u00bb image_max_width=\u00bb67%\u00bb _builder_version=\u00bb4.9.2&#8243; _module_preset=\u00bbdefault\u00bb header_text_color=\u00bb#ffffff\u00bb body_text_color=\u00bb#ffffff\u00bb module_alignment=\u00bbleft\u00bb]<\/p>\n<p>CFL CONSULTORS es una consultor\u00eda de gesti\u00f3n empresarial especializada en la b\u00fasqueda de financiaci\u00f3n bancaria y no bancaria (Fondos de inversi\u00f3n, Business Angels, inversores privados, instituciones p\u00fablicas) y la realizaci\u00f3n de servicios de direcci\u00f3n financiera externa.\u00a0<\/p>\n<p>[\/et_pb_blurb][\/et_pb_column][et_pb_column type=\u00bb1_3&#8243; _builder_version=\u00bb4.6.6&#8243; _module_preset=\u00bbdefault\u00bb][et_pb_text _builder_version=\u00bb4.6.6&#8243; _module_preset=\u00bbdefault\u00bb header_3_text_color=\u00bb#ffffff\u00bb]<\/p>\n<h3>Donde estamos<\/h3>\n<p>[\/et_pb_text][et_pb_text _builder_version=\u00bb4.6.6&#8243; _module_preset=\u00bbdefault\u00bb text_text_color=\u00bb#ffffff\u00bb]<\/p>\n<p><span><strong>C\/ TIRSO DE MOLINA 36<\/strong><\/span><\/p>\n<p><span><strong>CENTRE D\u2019EMPRESES DE BAIX LLOBREGAT<\/strong><\/span><\/p>\n<p><span><strong>08940 CORNELL\u00c0 DE LLOBREGAT<\/strong><\/span><\/p>\n<p><span><strong>TEL. 934740939 \/ FAX. 934742466<\/strong><\/span><\/p>\n<p><span><strong>INFO@cflconsultors.democlientes.es<\/strong><\/span><\/p>\n<p><span><strong>WWW.cflconsultors.democlientes.es<\/strong><\/span><\/p>\n<p>[\/et_pb_text][\/et_pb_column][et_pb_column type=\u00bb1_3&#8243; _builder_version=\u00bb4.6.6&#8243; _module_preset=\u00bbdefault\u00bb][et_pb_text disabled_on=\u00bbon|on|on\u00bb _builder_version=\u00bb4.6.6&#8243; _module_preset=\u00bbdefault\u00bb header_2_text_color=\u00bb#ffffff\u00bb header_3_text_color=\u00bb#ffffff\u00bb disabled=\u00bbon\u00bb]<\/p>\n<h3>Art\u00edculos<\/h3>\n<p>[\/et_pb_text][et_pb_text disabled_on=\u00bbon|on|on\u00bb _builder_version=\u00bb4.6.6&#8243; _module_preset=\u00bbdefault\u00bb disabled=\u00bbon\u00bb]<\/p>\n<p>Your content goes here. Edit or remove this text inline or in the module Content settings. You can also style every aspect of this content in the module Design settings and even apply custom CSS to this text in the module Advanced settings.<\/p>\n<p>&nbsp;<\/p>\n<p>Your content goes here. Edit or remove this text inline or in the module Content settings.<\/p>\n<p>[\/et_pb_text][\/et_pb_column][\/et_pb_row][\/et_pb_section]<\/p>\n","protected":false},"excerpt":{"rendered":"<p>Quienes somos\u00a0CFL CONSULTORS,S.L. es una consultor\u00eda de gesti\u00f3n financiera empresarial \u00a0que surge de la uni\u00f3n de varios profesionales que hacen una puesta en com\u00fan de sus conocimientos y experiencia, para dar el mejor servicio y asesoramiento posible a cualquier tipo de negocio. &nbsp; Podemos ayudar a emprendedores, aut\u00f3nomos, negocios familiares, comercios y pymes, a mejorar [&hellip;]<\/p>\n","protected":false},"author":1,"featured_media":0,"parent":0,"menu_order":0,"comment_status":"closed","ping_status":"closed","template":"","meta":{"_et_pb_use_builder":"on","_et_pb_old_content":"","_et_gb_content_width":""},"_links":{"self":[{"href":"https:\/\/cflconsultors.com\/index.php\/wp-json\/wp\/v2\/pages\/88"}],"collection":[{"href":"https:\/\/cflconsultors.com\/index.php\/wp-json\/wp\/v2\/pages"}],"about":[{"href":"https:\/\/cflconsultors.com\/index.php\/wp-json\/wp\/v2\/types\/page"}],"author":[{"embeddable":true,"href":"https:\/\/cflconsultors.com\/index.php\/wp-json\/wp\/v2\/users\/1"}],"replies":[{"embeddable":true,"href":"https:\/\/cflconsultors.com\/index.php\/wp-json\/wp\/v2\/comments?post=88"}],"version-history":[{"count":4,"href":"https:\/\/cflconsultors.com\/index.php\/wp-json\/wp\/v2\/pages\/88\/revisions"}],"predecessor-version":[{"id":166,"href":"https:\/\/cflconsultors.com\/index.php\/wp-json\/wp\/v2\/pages\/88\/revisions\/166"}],"wp:attachment":[{"href":"https:\/\/cflconsultors.com\/index.php\/wp-json\/wp\/v2\/media?parent=88"}],"curies":[{"name":"wp","href":"https:\/\/api.w.org\/{rel}","templated":true}]}}