{"id":94,"date":"2020-11-09T17:30:29","date_gmt":"2020-11-09T17:30:29","guid":{"rendered":"https:\/\/cflconsultors.com\/?page_id=94"},"modified":"2022-06-13T09:44:26","modified_gmt":"2022-06-13T09:44:26","slug":"servicios-de-gestion-financiera-empresarial","status":"publish","type":"page","link":"https:\/\/cflconsultors.com\/index.php\/servicios-de-gestion-financiera-empresarial\/","title":{"rendered":"Servicios de gesti\u00f3n financiera empresarial"},"content":{"rendered":"<p>[et_pb_section fb_built=\u00bb1&#8243; _builder_version=\u00bb4.6.6&#8243; _module_preset=\u00bbdefault\u00bb background_image=\u00bbhttps:\/\/cflconsultors.com\/wp-content\/uploads\/2020\/11\/man-with-pen-signs-document-1.jpg\u00bb custom_padding=\u00bb299px||109px|||\u00bb][et_pb_row _builder_version=\u00bb4.6.6&#8243; _module_preset=\u00bbdefault\u00bb][et_pb_column type=\u00bb4_4&#8243; _builder_version=\u00bb4.6.6&#8243; _module_preset=\u00bbdefault\u00bb][\/et_pb_column][\/et_pb_row][\/et_pb_section][et_pb_section fb_built=\u00bb1&#8243; _builder_version=\u00bb4.6.6&#8243; _module_preset=\u00bbdefault\u00bb custom_padding=\u00bb||9px|||\u00bb][et_pb_row _builder_version=\u00bb4.6.6&#8243; _module_preset=\u00bbdefault\u00bb][et_pb_column type=\u00bb4_4&#8243; _builder_version=\u00bb4.6.6&#8243; _module_preset=\u00bbdefault\u00bb][et_pb_text _builder_version=\u00bb4.6.6&#8243; _module_preset=\u00bbdefault\u00bb header_font_size=\u00bb41px\u00bb]<\/p>\n<h1>Servicios de gesti\u00f3n financiera empresarial<\/h1>\n<p>[\/et_pb_text][et_pb_divider divider_weight=\u00bb2px\u00bb _builder_version=\u00bb4.6.6&#8243; _module_preset=\u00bbdefault\u00bb width=\u00bb20%\u00bb][\/et_pb_divider][\/et_pb_column][\/et_pb_row][\/et_pb_section][et_pb_section fb_built=\u00bb1&#8243; _builder_version=\u00bb4.6.6&#8243; _module_preset=\u00bbdefault\u00bb custom_padding=\u00bb7px|||||\u00bb][et_pb_row column_structure=\u00bb1_2,1_2&#8243; _builder_version=\u00bb4.6.6&#8243; _module_preset=\u00bbdefault\u00bb][et_pb_column type=\u00bb1_2&#8243; _builder_version=\u00bb4.6.6&#8243; _module_preset=\u00bbdefault\u00bb][et_pb_text _builder_version=\u00bb4.6.6&#8243; _module_preset=\u00bbdefault\u00bb]<\/p>\n<p><strong>2.1-Renegociaci\u00f3n pool bancario<\/strong><\/p>\n<p>\u00bfSabes que comisiones te esta cobrando vuestros bancos?<\/p>\n<p>\u00bfEl banco solo os pide compensaciones y ellos nos os dan nada a cambio?<\/p>\n<p>Nosotros al tener acceso a m\u00e1s de 30 entidades financieras a nivel directivo, estudiamos las condiciones que se os aplican y gestionamos la optimizaci\u00f3n de comisiones y la reducci\u00f3n de garant\u00edas personales de los socios.\u00a0<\/p>\n<p>Garantizamos una mejora de las condiciones sea con los bancos actuales que tenga la empresa o con nuevos bancos.<\/p>\n<p>[\/et_pb_text][\/et_pb_column][et_pb_column type=\u00bb1_2&#8243; _builder_version=\u00bb4.6.6&#8243; _module_preset=\u00bbdefault\u00bb][et_pb_image src=\u00bbhttps:\/\/cflconsultors.com\/wp-content\/uploads\/2020\/11\/office-with-documents-and-money-accounts-1-scaled.jpg\u00bb _builder_version=\u00bb4.9.2&#8243; _module_preset=\u00bbdefault\u00bb hover_enabled=\u00bb0&#8243; title_text=\u00bboffice-with-documents-and-money-accounts (1)\u00bb sticky_enabled=\u00bb0&#8243;][\/et_pb_image][\/et_pb_column][\/et_pb_row][\/et_pb_section][et_pb_section fb_built=\u00bb1&#8243; _builder_version=\u00bb4.6.6&#8243; _module_preset=\u00bbdefault\u00bb][et_pb_row column_structure=\u00bb1_2,1_2&#8243; _builder_version=\u00bb4.6.6&#8243; _module_preset=\u00bbdefault\u00bb][et_pb_column type=\u00bb1_2&#8243; _builder_version=\u00bb4.6.6&#8243; _module_preset=\u00bbdefault\u00bb][et_pb_image src=\u00bbhttps:\/\/cflconsultors.com\/wp-content\/uploads\/2020\/11\/business-man-financial-inspector-and-secretary-making-report-calculating-or-checking-balance-internal-revenue-service-inspector-checking-document-audit-concept-1-scaled.jpg\u00bb _builder_version=\u00bb4.9.2&#8243; _module_preset=\u00bbdefault\u00bb hover_enabled=\u00bb0&#8243; title_text=\u00bbbusiness-man-financial-inspector-and-secretary-making-report-calculating-or-checking-balance-internal-revenue-service-inspector-checking-document-audit-concept (1)\u00bb sticky_enabled=\u00bb0&#8243;][\/et_pb_image][\/et_pb_column][et_pb_column type=\u00bb1_2&#8243; _builder_version=\u00bb4.6.6&#8243; _module_preset=\u00bbdefault\u00bb][et_pb_text _builder_version=\u00bb4.6.6&#8243; _module_preset=\u00bbdefault\u00bb]<\/p>\n<p><strong>2.2-Diagnostico econ\u00f3mico financiero<\/strong>Ofrecemos servicios de an\u00e1lisis, diagn\u00f3stico y propuesta de mejora en la aplicaci\u00f3n de criterios contables a medianas empresas, con facturaciones que oscilan entre 3 y 50 millones de euros, que tienen la necesidad de mantener las actuales l\u00edneas de financiaci\u00f3n y\/o que precisan acceder a nuevas fuentes de financiaci\u00f3n, requiriendo para ello mostrar la mejor imagen posible en cuanto a solvencia, rentabilidad y capacidad de generaci\u00f3n de valor.<\/p>\n<p> La aplicaci\u00f3n de los criterios contables m\u00e1s adecuados mejorar\u00e1 la imagen de la empresa y esto, sin lugar a dudas, redundar\u00e1 en una mayor confianza por parte de todos aquellos agentes que est\u00e1n al entorno de la empresa y que le deben otorgar el cr\u00e9dito necesario.<\/p>\n<p>[\/et_pb_text][\/et_pb_column][\/et_pb_row][\/et_pb_section][et_pb_section fb_built=\u00bb1&#8243; _builder_version=\u00bb4.6.6&#8243; _module_preset=\u00bbdefault\u00bb custom_padding=\u00bb7px|||||\u00bb][et_pb_row column_structure=\u00bb1_2,1_2&#8243; _builder_version=\u00bb4.6.6&#8243; _module_preset=\u00bbdefault\u00bb][et_pb_column type=\u00bb1_2&#8243; _builder_version=\u00bb4.6.6&#8243; _module_preset=\u00bbdefault\u00bb][et_pb_text _builder_version=\u00bb4.6.6&#8243; _module_preset=\u00bbdefault\u00bb]<\/p>\n<p><strong>2.3-Business Plan<\/strong><\/p>\n<p>\u00bfTienes un proyecto de inversi\u00f3n para desarrollar una nueva l\u00ednea de negocio?<\/p>\n<p>\u00bfEres una Start up y necesitas presentar tu empresa a inversores?\u00a0<\/p>\n<p>Tenemos una larga experiencia en tratar planes de negocio tanto desde el punto de vista del inversor como acompa\u00f1ando a una empresa ante ellos.<\/p>\n<p>[\/et_pb_text][\/et_pb_column][et_pb_column type=\u00bb1_2&#8243; _builder_version=\u00bb4.6.6&#8243; _module_preset=\u00bbdefault\u00bb][et_pb_image src=\u00bbhttps:\/\/cflconsultors.com\/wp-content\/uploads\/2020\/11\/negotiations-about-contract-terms-concept-hand-pointing-at-document-closeup-1.jpg\u00bb _builder_version=\u00bb4.9.2&#8243; _module_preset=\u00bbdefault\u00bb hover_enabled=\u00bb0&#8243; title_text=\u00bbnegotiations-about-contract-terms-concept-hand-pointing-at-document-closeup (1)\u00bb sticky_enabled=\u00bb0&#8243;][\/et_pb_image][\/et_pb_column][\/et_pb_row][\/et_pb_section][et_pb_section fb_built=\u00bb1&#8243; _builder_version=\u00bb4.6.6&#8243; _module_preset=\u00bbdefault\u00bb background_color=\u00bb#1e1919&#8243; saved_tabs=\u00bball\u00bb global_module=\u00bb50&#8243;][et_pb_row column_structure=\u00bb1_3,1_3,1_3&#8243; _builder_version=\u00bb4.6.6&#8243; _module_preset=\u00bbdefault\u00bb][et_pb_column type=\u00bb1_3&#8243; _builder_version=\u00bb4.6.6&#8243; _module_preset=\u00bbdefault\u00bb][et_pb_blurb image=\u00bbhttps:\/\/cflconsultors.com\/wp-content\/uploads\/2020\/11\/LOGO-CFL-definitivo-21.7.15-01.png\u00bb icon_alignment=\u00bbleft\u00bb image_max_width=\u00bb67%\u00bb _builder_version=\u00bb4.9.2&#8243; _module_preset=\u00bbdefault\u00bb header_text_color=\u00bb#ffffff\u00bb body_text_color=\u00bb#ffffff\u00bb module_alignment=\u00bbleft\u00bb]<\/p>\n<p>CFL CONSULTORS es una consultor\u00eda de gesti\u00f3n empresarial especializada en la b\u00fasqueda de financiaci\u00f3n bancaria y no bancaria (Fondos de inversi\u00f3n, Business Angels, inversores privados, instituciones p\u00fablicas) y la realizaci\u00f3n de servicios de direcci\u00f3n financiera externa.\u00a0<\/p>\n<p>[\/et_pb_blurb][\/et_pb_column][et_pb_column type=\u00bb1_3&#8243; _builder_version=\u00bb4.6.6&#8243; _module_preset=\u00bbdefault\u00bb][et_pb_text _builder_version=\u00bb4.6.6&#8243; _module_preset=\u00bbdefault\u00bb header_3_text_color=\u00bb#ffffff\u00bb]<\/p>\n<h3>Donde estamos<\/h3>\n<p>[\/et_pb_text][et_pb_text _builder_version=\u00bb4.6.6&#8243; _module_preset=\u00bbdefault\u00bb text_text_color=\u00bb#ffffff\u00bb]<\/p>\n<p><span><strong>C\/ TIRSO DE MOLINA 36<\/strong><\/span><\/p>\n<p><span><strong>CENTRE D\u2019EMPRESES DE BAIX LLOBREGAT<\/strong><\/span><\/p>\n<p><span><strong>08940 CORNELL\u00c0 DE LLOBREGAT<\/strong><\/span><\/p>\n<p><span><strong>TEL. 934740939 \/ FAX. 934742466<\/strong><\/span><\/p>\n<p><span><strong>INFO@cflconsultors.democlientes.es<\/strong><\/span><\/p>\n<p><span><strong>WWW.cflconsultors.democlientes.es<\/strong><\/span><\/p>\n<p>[\/et_pb_text][\/et_pb_column][et_pb_column type=\u00bb1_3&#8243; _builder_version=\u00bb4.6.6&#8243; _module_preset=\u00bbdefault\u00bb][et_pb_text disabled_on=\u00bbon|on|on\u00bb _builder_version=\u00bb4.6.6&#8243; _module_preset=\u00bbdefault\u00bb header_2_text_color=\u00bb#ffffff\u00bb header_3_text_color=\u00bb#ffffff\u00bb disabled=\u00bbon\u00bb]<\/p>\n<h3>Art\u00edculos<\/h3>\n<p>[\/et_pb_text][et_pb_text disabled_on=\u00bbon|on|on\u00bb _builder_version=\u00bb4.6.6&#8243; _module_preset=\u00bbdefault\u00bb disabled=\u00bbon\u00bb]<\/p>\n<p>Your content goes here. Edit or remove this text inline or in the module Content settings. You can also style every aspect of this content in the module Design settings and even apply custom CSS to this text in the module Advanced settings.<\/p>\n<p>&nbsp;<\/p>\n<p>Your content goes here. Edit or remove this text inline or in the module Content settings.<\/p>\n<p>[\/et_pb_text][\/et_pb_column][\/et_pb_row][\/et_pb_section]<\/p>\n","protected":false},"excerpt":{"rendered":"<p>Servicios de gesti\u00f3n financiera empresarial2.1-Renegociaci\u00f3n pool bancario \u00bfSabes que comisiones te esta cobrando vuestros bancos? \u00bfEl banco solo os pide compensaciones y ellos nos os dan nada a cambio? Nosotros al tener acceso a m\u00e1s de 30 entidades financieras a nivel directivo, estudiamos las condiciones que se os aplican y gestionamos la optimizaci\u00f3n de comisiones [&hellip;]<\/p>\n","protected":false},"author":1,"featured_media":0,"parent":0,"menu_order":0,"comment_status":"closed","ping_status":"closed","template":"","meta":{"_et_pb_use_builder":"on","_et_pb_old_content":"","_et_gb_content_width":""},"_links":{"self":[{"href":"https:\/\/cflconsultors.com\/index.php\/wp-json\/wp\/v2\/pages\/94"}],"collection":[{"href":"https:\/\/cflconsultors.com\/index.php\/wp-json\/wp\/v2\/pages"}],"about":[{"href":"https:\/\/cflconsultors.com\/index.php\/wp-json\/wp\/v2\/types\/page"}],"author":[{"embeddable":true,"href":"https:\/\/cflconsultors.com\/index.php\/wp-json\/wp\/v2\/users\/1"}],"replies":[{"embeddable":true,"href":"https:\/\/cflconsultors.com\/index.php\/wp-json\/wp\/v2\/comments?post=94"}],"version-history":[{"count":5,"href":"https:\/\/cflconsultors.com\/index.php\/wp-json\/wp\/v2\/pages\/94\/revisions"}],"predecessor-version":[{"id":165,"href":"https:\/\/cflconsultors.com\/index.php\/wp-json\/wp\/v2\/pages\/94\/revisions\/165"}],"wp:attachment":[{"href":"https:\/\/cflconsultors.com\/index.php\/wp-json\/wp\/v2\/media?parent=94"}],"curies":[{"name":"wp","href":"https:\/\/api.w.org\/{rel}","templated":true}]}}