{"id":98,"date":"2020-11-09T17:32:31","date_gmt":"2020-11-09T17:32:31","guid":{"rendered":"https:\/\/cflconsultors.com\/?page_id=98"},"modified":"2022-06-13T09:44:18","modified_gmt":"2022-06-13T09:44:18","slug":"servicios-de-direccion-financiera-externa","status":"publish","type":"page","link":"https:\/\/cflconsultors.com\/index.php\/servicios-de-direccion-financiera-externa\/","title":{"rendered":"Servicios de direcci\u00f3n financiera externa"},"content":{"rendered":"<p>[et_pb_section fb_built=\u00bb1&#8243; _builder_version=\u00bb4.6.6&#8243; _module_preset=\u00bbdefault\u00bb background_image=\u00bbhttps:\/\/cflconsultors.com\/wp-content\/uploads\/2020\/11\/business-colleagues-or-partners-of-different-ages-meeting-over-cup-of-coffee-at-co-working-sitting-at-table-with-laptop-and-documents-1.jpg\u00bb custom_padding=\u00bb501px|||||\u00bb][et_pb_row _builder_version=\u00bb4.6.6&#8243; _module_preset=\u00bbdefault\u00bb][et_pb_column type=\u00bb4_4&#8243; _builder_version=\u00bb4.6.6&#8243; _module_preset=\u00bbdefault\u00bb][\/et_pb_column][\/et_pb_row][\/et_pb_section][et_pb_section fb_built=\u00bb1&#8243; _builder_version=\u00bb4.6.6&#8243; _module_preset=\u00bbdefault\u00bb][et_pb_row _builder_version=\u00bb4.6.6&#8243; _module_preset=\u00bbdefault\u00bb][et_pb_column type=\u00bb4_4&#8243; _builder_version=\u00bb4.6.6&#8243; _module_preset=\u00bbdefault\u00bb][et_pb_text _builder_version=\u00bb4.6.6&#8243; _module_preset=\u00bbdefault\u00bb]<\/p>\n<h1>Servicios de direcci\u00f3n financiera externa<\/h1>\n<p>[\/et_pb_text][et_pb_divider divider_weight=\u00bb2px\u00bb _builder_version=\u00bb4.6.6&#8243; _module_preset=\u00bbdefault\u00bb width=\u00bb20%\u00bb][\/et_pb_divider][\/et_pb_column][\/et_pb_row][et_pb_row column_structure=\u00bb2_5,3_5&#8243; _builder_version=\u00bb4.6.6&#8243; _module_preset=\u00bbdefault\u00bb][et_pb_column type=\u00bb2_5&#8243; _builder_version=\u00bb4.6.6&#8243; _module_preset=\u00bbdefault\u00bb][et_pb_image src=\u00bbhttps:\/\/cflconsultors.com\/wp-content\/uploads\/2020\/11\/two-women-partners-handshaking-after-signing-business-contract-at-meeting-1.jpg\u00bb _builder_version=\u00bb4.9.2&#8243; _module_preset=\u00bbdefault\u00bb hover_enabled=\u00bb0&#8243; title_text=\u00bbtwo-women-partners-handshaking-after-signing-business-contract-at-meeting (1)\u00bb sticky_enabled=\u00bb0&#8243;][\/et_pb_image][\/et_pb_column][et_pb_column type=\u00bb3_5&#8243; _builder_version=\u00bb4.6.6&#8243; _module_preset=\u00bbdefault\u00bb][et_pb_text _builder_version=\u00bb4.6.6&#8243; _module_preset=\u00bbdefault\u00bb]<\/p>\n<p><strong>Cuente con un experto financiero a su empresa que, de forma continuada, le aportar\u00e1 la visi\u00f3n financiera necesaria para la toma de decisiones<\/strong><br \/> \u2022 Diagn\u00f3stico econ\u00f3mico-financiero<br \/> \u2022 Seguimiento mensual de la evoluci\u00f3n econ\u00f3mico-financiera de la emprendida<br \/> \u2022 Planificaci\u00f3n financiera y gesti\u00f3n de tesorer\u00eda<br \/> \u2022 An\u00e1lisis de costes y control de gesti\u00f3n<br \/> \u2022 Revisi\u00f3n de los criterios contables<br \/> \u2022 Gesti\u00f3n del cr\u00e9dito de proveedores y a clientes<br \/> \u2022 Adaptaci\u00f3n del pool bancario a las necesidades reales de la emprendida<br \/> \u2022 Optimizaci\u00f3n de las actuales l\u00edneas de financiaci\u00f3n de circulante<br \/> \u2022 Aportaci\u00f3n de la visi\u00f3n financiera en las decisiones estrat\u00e9gicas y del d\u00eda a d\u00eda<br \/> \u2022 Mejora de la capacidad de negociaci\u00f3n con las entidades financieras<br \/> \u2022 Adaptaci\u00f3n de la estructura econ\u00f3mico-financiera de la empresa al nuevo escenario econ\u00f3mico<br \/> \u2022 Apoyo a la gerencia<\/p>\n<p>[\/et_pb_text][\/et_pb_column][\/et_pb_row][\/et_pb_section][et_pb_section fb_built=\u00bb1&#8243; _builder_version=\u00bb4.6.6&#8243; _module_preset=\u00bbdefault\u00bb background_color=\u00bb#1e1919&#8243; saved_tabs=\u00bball\u00bb global_module=\u00bb50&#8243;][et_pb_row column_structure=\u00bb1_3,1_3,1_3&#8243; _builder_version=\u00bb4.6.6&#8243; _module_preset=\u00bbdefault\u00bb][et_pb_column type=\u00bb1_3&#8243; _builder_version=\u00bb4.6.6&#8243; _module_preset=\u00bbdefault\u00bb][et_pb_blurb image=\u00bbhttps:\/\/cflconsultors.com\/wp-content\/uploads\/2020\/11\/LOGO-CFL-definitivo-21.7.15-01.png\u00bb icon_alignment=\u00bbleft\u00bb image_max_width=\u00bb67%\u00bb _builder_version=\u00bb4.9.2&#8243; _module_preset=\u00bbdefault\u00bb header_text_color=\u00bb#ffffff\u00bb body_text_color=\u00bb#ffffff\u00bb module_alignment=\u00bbleft\u00bb]<\/p>\n<p>CFL CONSULTORS es una consultor\u00eda de gesti\u00f3n empresarial especializada en la b\u00fasqueda de financiaci\u00f3n bancaria y no bancaria (Fondos de inversi\u00f3n, Business Angels, inversores privados, instituciones p\u00fablicas) y la realizaci\u00f3n de servicios de direcci\u00f3n financiera externa.\u00a0<\/p>\n<p>[\/et_pb_blurb][\/et_pb_column][et_pb_column type=\u00bb1_3&#8243; _builder_version=\u00bb4.6.6&#8243; _module_preset=\u00bbdefault\u00bb][et_pb_text _builder_version=\u00bb4.6.6&#8243; _module_preset=\u00bbdefault\u00bb header_3_text_color=\u00bb#ffffff\u00bb]<\/p>\n<h3>Donde estamos<\/h3>\n<p>[\/et_pb_text][et_pb_text _builder_version=\u00bb4.6.6&#8243; _module_preset=\u00bbdefault\u00bb text_text_color=\u00bb#ffffff\u00bb]<\/p>\n<p><span><strong>C\/ TIRSO DE MOLINA 36<\/strong><\/span><\/p>\n<p><span><strong>CENTRE D\u2019EMPRESES DE BAIX LLOBREGAT<\/strong><\/span><\/p>\n<p><span><strong>08940 CORNELL\u00c0 DE LLOBREGAT<\/strong><\/span><\/p>\n<p><span><strong>TEL. 934740939 \/ FAX. 934742466<\/strong><\/span><\/p>\n<p><span><strong>INFO@cflconsultors.democlientes.es<\/strong><\/span><\/p>\n<p><span><strong>WWW.cflconsultors.democlientes.es<\/strong><\/span><\/p>\n<p>[\/et_pb_text][\/et_pb_column][et_pb_column type=\u00bb1_3&#8243; _builder_version=\u00bb4.6.6&#8243; _module_preset=\u00bbdefault\u00bb][et_pb_text disabled_on=\u00bbon|on|on\u00bb _builder_version=\u00bb4.6.6&#8243; _module_preset=\u00bbdefault\u00bb header_2_text_color=\u00bb#ffffff\u00bb header_3_text_color=\u00bb#ffffff\u00bb disabled=\u00bbon\u00bb]<\/p>\n<h3>Art\u00edculos<\/h3>\n<p>[\/et_pb_text][et_pb_text disabled_on=\u00bbon|on|on\u00bb _builder_version=\u00bb4.6.6&#8243; _module_preset=\u00bbdefault\u00bb disabled=\u00bbon\u00bb]<\/p>\n<p>Your content goes here. Edit or remove this text inline or in the module Content settings. You can also style every aspect of this content in the module Design settings and even apply custom CSS to this text in the module Advanced settings.<\/p>\n<p>&nbsp;<\/p>\n<p>Your content goes here. Edit or remove this text inline or in the module Content settings.<\/p>\n<p>[\/et_pb_text][\/et_pb_column][\/et_pb_row][\/et_pb_section]<\/p>\n","protected":false},"excerpt":{"rendered":"<p>Servicios de direcci\u00f3n financiera externaCuente con un experto financiero a su empresa que, de forma continuada, le aportar\u00e1 la visi\u00f3n financiera necesaria para la toma de decisiones \u2022 Diagn\u00f3stico econ\u00f3mico-financiero \u2022 Seguimiento mensual de la evoluci\u00f3n econ\u00f3mico-financiera de la emprendida \u2022 Planificaci\u00f3n financiera y gesti\u00f3n de tesorer\u00eda \u2022 An\u00e1lisis de costes y control de gesti\u00f3n [&hellip;]<\/p>\n","protected":false},"author":1,"featured_media":0,"parent":0,"menu_order":0,"comment_status":"closed","ping_status":"closed","template":"","meta":{"_et_pb_use_builder":"on","_et_pb_old_content":"","_et_gb_content_width":""},"_links":{"self":[{"href":"https:\/\/cflconsultors.com\/index.php\/wp-json\/wp\/v2\/pages\/98"}],"collection":[{"href":"https:\/\/cflconsultors.com\/index.php\/wp-json\/wp\/v2\/pages"}],"about":[{"href":"https:\/\/cflconsultors.com\/index.php\/wp-json\/wp\/v2\/types\/page"}],"author":[{"embeddable":true,"href":"https:\/\/cflconsultors.com\/index.php\/wp-json\/wp\/v2\/users\/1"}],"replies":[{"embeddable":true,"href":"https:\/\/cflconsultors.com\/index.php\/wp-json\/wp\/v2\/comments?post=98"}],"version-history":[{"count":4,"href":"https:\/\/cflconsultors.com\/index.php\/wp-json\/wp\/v2\/pages\/98\/revisions"}],"predecessor-version":[{"id":164,"href":"https:\/\/cflconsultors.com\/index.php\/wp-json\/wp\/v2\/pages\/98\/revisions\/164"}],"wp:attachment":[{"href":"https:\/\/cflconsultors.com\/index.php\/wp-json\/wp\/v2\/media?parent=98"}],"curies":[{"name":"wp","href":"https:\/\/api.w.org\/{rel}","templated":true}]}}